{"id":7,"date":"2023-11-12T08:56:09","date_gmt":"2023-11-12T08:56:09","guid":{"rendered":"https:\/\/www.kaislikonkukkia.fi\/?page_id=7"},"modified":"2024-10-10T19:09:08","modified_gmt":"2024-10-10T19:09:08","slug":"kaislikonkukkia","status":"publish","type":"page","link":"https:\/\/www.kaislikonkukkia.fi\/","title":{"rendered":"Kaislikonkukkia"},"content":{"rendered":"\t\t<div data-elementor-type=\"wp-page\" data-elementor-id=\"7\" class=\"elementor elementor-7\">\n\t\t\t\t<div class=\"elementor-element elementor-element-d1d9348 e-con-full e-flex e-con e-parent\" data-id=\"d1d9348\" data-element_type=\"container\" data-e-type=\"container\" data-settings=\"{&quot;background_background&quot;:&quot;classic&quot;}\">\n\t\t\t\t<div class=\"elementor-element elementor-element-ade86b0 elementor-widget__width-initial elementor-absolute elementor-widget elementor-widget-heading\" data-id=\"ade86b0\" data-element_type=\"widget\" data-e-type=\"widget\" data-settings=\"{&quot;_position&quot;:&quot;absolute&quot;}\" data-widget_type=\"heading.default\">\n\t\t\t\t<div class=\"elementor-widget-container\">\n\t\t\t\t\t<h1 class=\"elementor-heading-title elementor-size-default\">SATUMAISIA KUKKIA<br>EKOLOGISESTI HETKIIN,<br>JOTKA MUISTETAAN<\/h1>\t\t\t\t<\/div>\n\t\t\t\t<\/div>\n\t\t\t\t<\/div>\n\t\t<div class=\"elementor-element elementor-element-986a24b e-flex e-con-boxed e-con e-parent\" data-id=\"986a24b\" data-element_type=\"container\" data-e-type=\"container\" data-settings=\"{&quot;background_background&quot;:&quot;classic&quot;}\">\n\t\t\t\t\t<div class=\"e-con-inner\">\n\t\t\t\t<div class=\"elementor-element elementor-element-f6eb4bd elementor-widget elementor-widget-heading\" data-id=\"f6eb4bd\" data-element_type=\"widget\" data-e-type=\"widget\" data-widget_type=\"heading.default\">\n\t\t\t\t<div class=\"elementor-widget-container\">\n\t\t\t\t\t<h2 class=\"elementor-heading-title elementor-size-default\">MODERNI \/ EKOLOGINEN \/ LUONNOLLINEN<\/h2>\t\t\t\t<\/div>\n\t\t\t\t<\/div>\n\t\t\t\t\t<\/div>\n\t\t\t\t<\/div>\n\t\t<div class=\"elementor-element elementor-element-7d0d418 e-flex e-con-boxed e-con e-parent\" data-id=\"7d0d418\" data-element_type=\"container\" data-e-type=\"container\">\n\t\t\t\t\t<div class=\"e-con-inner\">\n\t\t\t\t<div class=\"elementor-element elementor-element-351499a elementor-widget__width-initial elementor-widget-mobile__width-initial elementor-widget elementor-widget-heading\" data-id=\"351499a\" data-element_type=\"widget\" data-e-type=\"widget\" data-widget_type=\"heading.default\">\n\t\t\t\t<div class=\"elementor-widget-container\">\n\t\t\t\t\t<h2 class=\"elementor-heading-title elementor-size-default\">PIENI TILAUSKUKKASITOMO KAISLIKONKUKKIA SYNTYI RAKKAUDESTA L\u00c4HIKUKKIIN JA HARKITUN R\u00d6NSYILEV\u00c4\u00c4N KUKKASIDONTAAN<\/h2>\t\t\t\t<\/div>\n\t\t\t\t<\/div>\n\t\t\t\t\t<\/div>\n\t\t\t\t<\/div>\n\t\t<div class=\"elementor-element elementor-element-b6b8149 e-con-full e-flex e-con e-parent\" data-id=\"b6b8149\" data-element_type=\"container\" data-e-type=\"container\">\n\t\t<div class=\"elementor-element elementor-element-27796d7 e-con-full e-flex e-con e-child\" data-id=\"27796d7\" data-element_type=\"container\" data-e-type=\"container\">\n\t\t\t\t<div class=\"elementor-element elementor-element-333acfe elementor-widget elementor-widget-image\" data-id=\"333acfe\" data-element_type=\"widget\" data-e-type=\"widget\" data-widget_type=\"image.default\">\n\t\t\t\t<div class=\"elementor-widget-container\">\n\t\t\t\t\t\t\t\t\t\t\t\t\t\t\t<img fetchpriority=\"high\" decoding=\"async\" width=\"683\" height=\"1024\" src=\"http:\/\/www.kaislikonkukkia.fi\/wp-content\/uploads\/2024\/10\/IMG_1348-683x1024.jpg\" class=\"attachment-large size-large wp-image-1169\" alt=\"Kimppu\" srcset=\"http:\/\/www.kaislikonkukkia.fi\/wp-content\/uploads\/2024\/10\/IMG_1348-683x1024.jpg 683w, http:\/\/www.kaislikonkukkia.fi\/wp-content\/uploads\/2024\/10\/IMG_1348-200x300.jpg 200w, http:\/\/www.kaislikonkukkia.fi\/wp-content\/uploads\/2024\/10\/IMG_1348-768x1152.jpg 768w, http:\/\/www.kaislikonkukkia.fi\/wp-content\/uploads\/2024\/10\/IMG_1348-1024x1536.jpg 1024w, http:\/\/www.kaislikonkukkia.fi\/wp-content\/uploads\/2024\/10\/IMG_1348-1365x2048.jpg 1365w, http:\/\/www.kaislikonkukkia.fi\/wp-content\/uploads\/2024\/10\/IMG_1348-scaled.jpg 1707w\" sizes=\"(max-width: 683px) 100vw, 683px\" \/>\t\t\t\t\t\t\t\t\t\t\t\t\t\t\t<\/div>\n\t\t\t\t<\/div>\n\t\t\t\t<div class=\"elementor-element elementor-element-c3972e0 elementor-align-center elementor-widget elementor-widget-button\" data-id=\"c3972e0\" data-element_type=\"widget\" data-e-type=\"widget\" data-widget_type=\"button.default\">\n\t\t\t\t<div class=\"elementor-widget-container\">\n\t\t\t\t\t\t\t\t\t<div class=\"elementor-button-wrapper\">\n\t\t\t\t\t<a class=\"elementor-button elementor-button-link elementor-size-sm\" href=\"https:\/\/www.kaislikonkukkia.fi\/index.php\/haat\/\">\n\t\t\t\t\t\t<span class=\"elementor-button-content-wrapper\">\n\t\t\t\t\t\t\t\t\t<span class=\"elementor-button-text\">H\u00e4\u00e4t<\/span>\n\t\t\t\t\t<\/span>\n\t\t\t\t\t<\/a>\n\t\t\t\t<\/div>\n\t\t\t\t\t\t\t\t<\/div>\n\t\t\t\t<\/div>\n\t\t\t\t<\/div>\n\t\t<div class=\"elementor-element elementor-element-315d427 e-con-full e-flex e-con e-child\" data-id=\"315d427\" data-element_type=\"container\" data-e-type=\"container\">\n\t\t\t\t<div class=\"elementor-element elementor-element-15824d5 elementor-widget elementor-widget-image\" data-id=\"15824d5\" data-element_type=\"widget\" data-e-type=\"widget\" data-widget_type=\"image.default\">\n\t\t\t\t<div class=\"elementor-widget-container\">\n\t\t\t\t\t\t\t\t\t\t\t\t\t\t\t<img decoding=\"async\" width=\"683\" height=\"1024\" src=\"http:\/\/www.kaislikonkukkia.fi\/wp-content\/uploads\/2024\/10\/IMG_1344-683x1024.jpg\" class=\"attachment-large size-large wp-image-1181\" alt=\"Juhlav\u00e4ke\u00e4 jakimppu\" srcset=\"http:\/\/www.kaislikonkukkia.fi\/wp-content\/uploads\/2024\/10\/IMG_1344-683x1024.jpg 683w, http:\/\/www.kaislikonkukkia.fi\/wp-content\/uploads\/2024\/10\/IMG_1344-200x300.jpg 200w, http:\/\/www.kaislikonkukkia.fi\/wp-content\/uploads\/2024\/10\/IMG_1344-768x1152.jpg 768w, http:\/\/www.kaislikonkukkia.fi\/wp-content\/uploads\/2024\/10\/IMG_1344-1024x1536.jpg 1024w, http:\/\/www.kaislikonkukkia.fi\/wp-content\/uploads\/2024\/10\/IMG_1344-1365x2048.jpg 1365w, http:\/\/www.kaislikonkukkia.fi\/wp-content\/uploads\/2024\/10\/IMG_1344-scaled.jpg 1707w\" sizes=\"(max-width: 683px) 100vw, 683px\" \/>\t\t\t\t\t\t\t\t\t\t\t\t\t\t\t<\/div>\n\t\t\t\t<\/div>\n\t\t\t\t<div class=\"elementor-element elementor-element-650270b elementor-align-center elementor-widget elementor-widget-button\" data-id=\"650270b\" data-element_type=\"widget\" data-e-type=\"widget\" data-widget_type=\"button.default\">\n\t\t\t\t<div class=\"elementor-widget-container\">\n\t\t\t\t\t\t\t\t\t<div class=\"elementor-button-wrapper\">\n\t\t\t\t\t<a class=\"elementor-button elementor-button-link elementor-size-sm\" href=\"http:\/\/www.kaislikonkukkia.fi\/index.php\/juhlat\/\">\n\t\t\t\t\t\t<span class=\"elementor-button-content-wrapper\">\n\t\t\t\t\t\t\t\t\t<span class=\"elementor-button-text\">Juhlat<\/span>\n\t\t\t\t\t<\/span>\n\t\t\t\t\t<\/a>\n\t\t\t\t<\/div>\n\t\t\t\t\t\t\t\t<\/div>\n\t\t\t\t<\/div>\n\t\t\t\t<\/div>\n\t\t<div class=\"elementor-element elementor-element-4241205 e-con-full e-flex e-con e-child\" data-id=\"4241205\" data-element_type=\"container\" data-e-type=\"container\">\n\t\t\t\t<div class=\"elementor-element elementor-element-997fa77 elementor-widget elementor-widget-image\" data-id=\"997fa77\" data-element_type=\"widget\" data-e-type=\"widget\" data-widget_type=\"image.default\">\n\t\t\t\t<div class=\"elementor-widget-container\">\n\t\t\t\t\t\t\t\t\t\t\t\t\t\t\t<img decoding=\"async\" width=\"768\" height=\"1024\" src=\"http:\/\/www.kaislikonkukkia.fi\/wp-content\/uploads\/2023\/11\/Kalli_mainFrontP-768x1024.jpg\" class=\"attachment-large size-large wp-image-138\" alt=\"Kuva kalligrafiasta\" srcset=\"http:\/\/www.kaislikonkukkia.fi\/wp-content\/uploads\/2023\/11\/Kalli_mainFrontP-768x1024.jpg 768w, http:\/\/www.kaislikonkukkia.fi\/wp-content\/uploads\/2023\/11\/Kalli_mainFrontP-225x300.jpg 225w, http:\/\/www.kaislikonkukkia.fi\/wp-content\/uploads\/2023\/11\/Kalli_mainFrontP-1152x1536.jpg 1152w, http:\/\/www.kaislikonkukkia.fi\/wp-content\/uploads\/2023\/11\/Kalli_mainFrontP-1536x2048.jpg 1536w, http:\/\/www.kaislikonkukkia.fi\/wp-content\/uploads\/2023\/11\/Kalli_mainFrontP-scaled.jpg 1920w\" sizes=\"(max-width: 768px) 100vw, 768px\" \/>\t\t\t\t\t\t\t\t\t\t\t\t\t\t\t<\/div>\n\t\t\t\t<\/div>\n\t\t\t\t<div class=\"elementor-element elementor-element-ab8aebf elementor-align-center elementor-widget elementor-widget-button\" data-id=\"ab8aebf\" data-element_type=\"widget\" data-e-type=\"widget\" data-widget_type=\"button.default\">\n\t\t\t\t<div class=\"elementor-widget-container\">\n\t\t\t\t\t\t\t\t\t<div class=\"elementor-button-wrapper\">\n\t\t\t\t\t<a class=\"elementor-button elementor-button-link elementor-size-sm\" href=\"https:\/\/www.kaislikonkukkia.fi\/index.php\/kalligrafia\/\">\n\t\t\t\t\t\t<span class=\"elementor-button-content-wrapper\">\n\t\t\t\t\t\t\t\t\t<span class=\"elementor-button-text\">Kalligrafia<\/span>\n\t\t\t\t\t<\/span>\n\t\t\t\t\t<\/a>\n\t\t\t\t<\/div>\n\t\t\t\t\t\t\t\t<\/div>\n\t\t\t\t<\/div>\n\t\t\t\t<\/div>\n\t\t<div class=\"elementor-element elementor-element-4cc76df e-con-full e-flex e-con e-child\" data-id=\"4cc76df\" data-element_type=\"container\" data-e-type=\"container\">\n\t\t\t\t<div class=\"elementor-element elementor-element-1c126ef elementor-widget elementor-widget-image\" data-id=\"1c126ef\" data-element_type=\"widget\" data-e-type=\"widget\" data-widget_type=\"image.default\">\n\t\t\t\t<div class=\"elementor-widget-container\">\n\t\t\t\t\t\t\t\t\t\t\t\t\t\t\t<img loading=\"lazy\" decoding=\"async\" width=\"683\" height=\"1024\" src=\"http:\/\/www.kaislikonkukkia.fi\/wp-content\/uploads\/2024\/10\/valokuvaajamarissatammisalo_somekokoiset-59-683x1024.jpg\" class=\"attachment-large size-large wp-image-1159\" alt=\"Asetelman teko\" srcset=\"http:\/\/www.kaislikonkukkia.fi\/wp-content\/uploads\/2024\/10\/valokuvaajamarissatammisalo_somekokoiset-59-683x1024.jpg 683w, http:\/\/www.kaislikonkukkia.fi\/wp-content\/uploads\/2024\/10\/valokuvaajamarissatammisalo_somekokoiset-59-200x300.jpg 200w, http:\/\/www.kaislikonkukkia.fi\/wp-content\/uploads\/2024\/10\/valokuvaajamarissatammisalo_somekokoiset-59-768x1152.jpg 768w, http:\/\/www.kaislikonkukkia.fi\/wp-content\/uploads\/2024\/10\/valokuvaajamarissatammisalo_somekokoiset-59-1024x1536.jpg 1024w, http:\/\/www.kaislikonkukkia.fi\/wp-content\/uploads\/2024\/10\/valokuvaajamarissatammisalo_somekokoiset-59.jpg 1365w\" sizes=\"(max-width: 683px) 100vw, 683px\" \/>\t\t\t\t\t\t\t\t\t\t\t\t\t\t\t<\/div>\n\t\t\t\t<\/div>\n\t\t\t\t<div class=\"elementor-element elementor-element-6efd306 elementor-align-center elementor-widget elementor-widget-button\" data-id=\"6efd306\" data-element_type=\"widget\" data-e-type=\"widget\" data-widget_type=\"button.default\">\n\t\t\t\t<div class=\"elementor-widget-container\">\n\t\t\t\t\t\t\t\t\t<div class=\"elementor-button-wrapper\">\n\t\t\t\t\t<a class=\"elementor-button elementor-button-link elementor-size-sm\" href=\"http:\/\/www.kaislikonkukkia.fi\/index.php\/kukkatyopaja\/\">\n\t\t\t\t\t\t<span class=\"elementor-button-content-wrapper\">\n\t\t\t\t\t\t\t\t\t<span class=\"elementor-button-text\">Kukkaty\u00f6pajat<\/span>\n\t\t\t\t\t<\/span>\n\t\t\t\t\t<\/a>\n\t\t\t\t<\/div>\n\t\t\t\t\t\t\t\t<\/div>\n\t\t\t\t<\/div>\n\t\t\t\t<\/div>\n\t\t\t\t<\/div>\n\t\t<div class=\"elementor-element elementor-element-15c8cce e-flex e-con-boxed e-con e-parent\" data-id=\"15c8cce\" data-element_type=\"container\" data-e-type=\"container\">\n\t\t\t\t\t<div class=\"e-con-inner\">\n\t\t\t\t<div class=\"elementor-element elementor-element-9e68841 elementor-shape-rounded elementor-grid-0 e-grid-align-center elementor-widget elementor-widget-social-icons\" data-id=\"9e68841\" data-element_type=\"widget\" data-e-type=\"widget\" data-widget_type=\"social-icons.default\">\n\t\t\t\t<div class=\"elementor-widget-container\">\n\t\t\t\t\t\t\t<div class=\"elementor-social-icons-wrapper elementor-grid\" role=\"list\">\n\t\t\t\t\t\t\t<span class=\"elementor-grid-item\" role=\"listitem\">\n\t\t\t\t\t<a class=\"elementor-icon elementor-social-icon elementor-social-icon-facebook elementor-repeater-item-fad4a8e\" href=\"https:\/\/www.facebook.com\/profile.php?id=100090757290477\" target=\"_blank\">\n\t\t\t\t\t\t<span class=\"elementor-screen-only\">Facebook<\/span>\n\t\t\t\t\t\t<svg aria-hidden=\"true\" class=\"e-font-icon-svg e-fab-facebook\" viewBox=\"0 0 512 512\" xmlns=\"http:\/\/www.w3.org\/2000\/svg\"><path d=\"M504 256C504 119 393 8 256 8S8 119 8 256c0 123.78 90.69 226.38 209.25 245V327.69h-63V256h63v-54.64c0-62.15 37-96.48 93.67-96.48 27.14 0 55.52 4.84 55.52 4.84v61h-31.28c-30.8 0-40.41 19.12-40.41 38.73V256h68.78l-11 71.69h-57.78V501C413.31 482.38 504 379.78 504 256z\"><\/path><\/svg>\t\t\t\t\t<\/a>\n\t\t\t\t<\/span>\n\t\t\t\t\t\t\t<span class=\"elementor-grid-item\" role=\"listitem\">\n\t\t\t\t\t<a class=\"elementor-icon elementor-social-icon elementor-social-icon-instagram elementor-repeater-item-35d1f0a\" href=\"https:\/\/www.instagram.com\/kaislikonkukkia\/\" target=\"_blank\">\n\t\t\t\t\t\t<span class=\"elementor-screen-only\">Instagram<\/span>\n\t\t\t\t\t\t<svg aria-hidden=\"true\" class=\"e-font-icon-svg e-fab-instagram\" viewBox=\"0 0 448 512\" xmlns=\"http:\/\/www.w3.org\/2000\/svg\"><path d=\"M224.1 141c-63.6 0-114.9 51.3-114.9 114.9s51.3 114.9 114.9 114.9S339 319.5 339 255.9 287.7 141 224.1 141zm0 189.6c-41.1 0-74.7-33.5-74.7-74.7s33.5-74.7 74.7-74.7 74.7 33.5 74.7 74.7-33.6 74.7-74.7 74.7zm146.4-194.3c0 14.9-12 26.8-26.8 26.8-14.9 0-26.8-12-26.8-26.8s12-26.8 26.8-26.8 26.8 12 26.8 26.8zm76.1 27.2c-1.7-35.9-9.9-67.7-36.2-93.9-26.2-26.2-58-34.4-93.9-36.2-37-2.1-147.9-2.1-184.9 0-35.8 1.7-67.6 9.9-93.9 36.1s-34.4 58-36.2 93.9c-2.1 37-2.1 147.9 0 184.9 1.7 35.9 9.9 67.7 36.2 93.9s58 34.4 93.9 36.2c37 2.1 147.9 2.1 184.9 0 35.9-1.7 67.7-9.9 93.9-36.2 26.2-26.2 34.4-58 36.2-93.9 2.1-37 2.1-147.8 0-184.8zM398.8 388c-7.8 19.6-22.9 34.7-42.6 42.6-29.5 11.7-99.5 9-132.1 9s-102.7 2.6-132.1-9c-19.6-7.8-34.7-22.9-42.6-42.6-11.7-29.5-9-99.5-9-132.1s-2.6-102.7 9-132.1c7.8-19.6 22.9-34.7 42.6-42.6 29.5-11.7 99.5-9 132.1-9s102.7-2.6 132.1 9c19.6 7.8 34.7 22.9 42.6 42.6 11.7 29.5 9 99.5 9 132.1s2.7 102.7-9 132.1z\"><\/path><\/svg>\t\t\t\t\t<\/a>\n\t\t\t\t<\/span>\n\t\t\t\t\t<\/div>\n\t\t\t\t\t\t<\/div>\n\t\t\t\t<\/div>\n\t\t\t\t\t<\/div>\n\t\t\t\t<\/div>\n\t\t\t\t<\/div>\n\t\t","protected":false},"excerpt":{"rendered":"<p>SATUMAISIA KUKKIAEKOLOGISESTI HETKIIN,JOTKA MUISTETAAN MODERNI \/ EKOLOGINEN \/ LUONNOLLINEN PIENI TILAUSKUKKASITOMO KAISLIKONKUKKIA SYNTYI RAKKAUDESTA L\u00c4HIKUKKIIN JA HARKITUN R\u00d6NSYILEV\u00c4\u00c4N KUKKASIDONTAAN H\u00e4\u00e4t Juhlat Kalligrafia Kukkaty\u00f6pajat Facebook Instagram<\/p>\n","protected":false},"author":1,"featured_media":0,"parent":0,"menu_order":0,"comment_status":"closed","ping_status":"closed","template":"elementor_header_footer","meta":{"footnotes":""},"class_list":["post-7","page","type-page","status-publish","hentry","entry"],"_links":{"self":[{"href":"https:\/\/www.kaislikonkukkia.fi\/index.php\/wp-json\/wp\/v2\/pages\/7","targetHints":{"allow":["GET"]}}],"collection":[{"href":"https:\/\/www.kaislikonkukkia.fi\/index.php\/wp-json\/wp\/v2\/pages"}],"about":[{"href":"https:\/\/www.kaislikonkukkia.fi\/index.php\/wp-json\/wp\/v2\/types\/page"}],"author":[{"embeddable":true,"href":"https:\/\/www.kaislikonkukkia.fi\/index.php\/wp-json\/wp\/v2\/users\/1"}],"replies":[{"embeddable":true,"href":"https:\/\/www.kaislikonkukkia.fi\/index.php\/wp-json\/wp\/v2\/comments?post=7"}],"version-history":[{"count":482,"href":"https:\/\/www.kaislikonkukkia.fi\/index.php\/wp-json\/wp\/v2\/pages\/7\/revisions"}],"predecessor-version":[{"id":1225,"href":"https:\/\/www.kaislikonkukkia.fi\/index.php\/wp-json\/wp\/v2\/pages\/7\/revisions\/1225"}],"wp:attachment":[{"href":"https:\/\/www.kaislikonkukkia.fi\/index.php\/wp-json\/wp\/v2\/media?parent=7"}],"curies":[{"name":"wp","href":"https:\/\/api.w.org\/{rel}","templated":true}]}}