{"id":283,"date":"2024-01-20T15:05:58","date_gmt":"2024-01-20T15:05:58","guid":{"rendered":"https:\/\/www.kaislikonkukkia.fi\/?page_id=283"},"modified":"2024-10-10T18:51:17","modified_gmt":"2024-10-10T18:51:17","slug":"kukkatyopaja","status":"publish","type":"page","link":"https:\/\/www.kaislikonkukkia.fi\/index.php\/kukkatyopaja\/","title":{"rendered":"Kukkaty\u00f6paja"},"content":{"rendered":"\t\t<div data-elementor-type=\"wp-page\" data-elementor-id=\"283\" class=\"elementor elementor-283\">\n\t\t\t\t<div class=\"elementor-element elementor-element-62896e2 e-con-full e-flex e-con e-parent\" data-id=\"62896e2\" data-element_type=\"container\" data-e-type=\"container\">\n\t\t\t\t<div class=\"elementor-element elementor-element-d3382cb elementor-widget elementor-widget-heading\" data-id=\"d3382cb\" data-element_type=\"widget\" data-e-type=\"widget\" data-widget_type=\"heading.default\">\n\t\t\t\t<div class=\"elementor-widget-container\">\n\t\t\t\t\t<h2 class=\"elementor-heading-title elementor-size-large\">Kukkaty\u00f6pajat<\/h2>\t\t\t\t<\/div>\n\t\t\t\t<\/div>\n\t\t\t\t<\/div>\n\t\t<div class=\"elementor-element elementor-element-c9f4b2c e-flex e-con-boxed e-con e-parent\" data-id=\"c9f4b2c\" data-element_type=\"container\" data-e-type=\"container\">\n\t\t\t\t\t<div class=\"e-con-inner\">\n\t\t<div class=\"elementor-element elementor-element-a64f00d e-con-full e-flex e-con e-child\" data-id=\"a64f00d\" data-element_type=\"container\" data-e-type=\"container\">\n\t\t\t\t<div class=\"elementor-element elementor-element-6fd0809 elementor-widget__width-inherit elementor-widget elementor-widget-image\" data-id=\"6fd0809\" data-element_type=\"widget\" data-e-type=\"widget\" data-widget_type=\"image.default\">\n\t\t\t\t<div class=\"elementor-widget-container\">\n\t\t\t\t\t\t\t\t\t\t\t\t\t\t\t<img fetchpriority=\"high\" decoding=\"async\" width=\"682\" height=\"1024\" src=\"http:\/\/www.kaislikonkukkia.fi\/wp-content\/uploads\/2024\/10\/valokuvaajamarissatammisalo_somekokoiset-61-682x1024.jpg\" class=\"attachment-large size-large wp-image-1180\" alt=\"Asetelman tekoa\" srcset=\"http:\/\/www.kaislikonkukkia.fi\/wp-content\/uploads\/2024\/10\/valokuvaajamarissatammisalo_somekokoiset-61-682x1024.jpg 682w, http:\/\/www.kaislikonkukkia.fi\/wp-content\/uploads\/2024\/10\/valokuvaajamarissatammisalo_somekokoiset-61-200x300.jpg 200w, http:\/\/www.kaislikonkukkia.fi\/wp-content\/uploads\/2024\/10\/valokuvaajamarissatammisalo_somekokoiset-61-768x1152.jpg 768w, http:\/\/www.kaislikonkukkia.fi\/wp-content\/uploads\/2024\/10\/valokuvaajamarissatammisalo_somekokoiset-61-1024x1536.jpg 1024w, http:\/\/www.kaislikonkukkia.fi\/wp-content\/uploads\/2024\/10\/valokuvaajamarissatammisalo_somekokoiset-61-1365x2048.jpg 1365w, http:\/\/www.kaislikonkukkia.fi\/wp-content\/uploads\/2024\/10\/valokuvaajamarissatammisalo_somekokoiset-61-scaled.jpg 1706w\" sizes=\"(max-width: 682px) 100vw, 682px\" \/>\t\t\t\t\t\t\t\t\t\t\t\t\t\t\t<\/div>\n\t\t\t\t<\/div>\n\t\t\t\t<\/div>\n\t\t<div class=\"elementor-element elementor-element-4107e08 e-con-full e-flex e-con e-child\" data-id=\"4107e08\" data-element_type=\"container\" data-e-type=\"container\">\n\t\t\t\t<div class=\"elementor-element elementor-element-28e2524 elementor-widget elementor-widget-text-editor\" data-id=\"28e2524\" data-element_type=\"widget\" data-e-type=\"widget\" data-widget_type=\"text-editor.default\">\n\t\t\t\t<div class=\"elementor-widget-container\">\n\t\t\t\t\t\t\t\t\t<p>Ihana ilta yst\u00e4vien kesken kauniiden kukkien keskell\u00e4. Kukkaty\u00f6paja tarjoaa luovaa k\u00e4sill\u00e4tekimisen iloa ja vapautta vaikka yrityksen ty\u00f6hyvinvointip\u00e4iv\u00e4\u00e4n, polttareihin, yst\u00e4vien juhliin tai babyshowereihin.<\/p><p>J\u00e4rjest\u00e4n kukkaty\u00f6pajoja uudenmaan alueella tilauksesta. Kurssilla voidaan tehd\u00e4 mm. kimppujen sidontaa, seppeleit\u00e4, asetelmia tai kransseja. Materiaalit ja sis\u00e4lt\u00f6 muotoutuu sesongin ja toiveiden mukaan, aiempaa osaamista ei tarvita. Ty\u00f6pajan hinta m\u00e4\u00e4r\u00e4ytyy osallistujam\u00e4\u00e4r\u00e4n sek\u00e4 sis\u00e4ll\u00f6n mukaan.<\/p>\t\t\t\t\t\t\t\t<\/div>\n\t\t\t\t<\/div>\n\t\t\t\t<\/div>\n\t\t\t\t\t<\/div>\n\t\t\t\t<\/div>\n\t\t<div class=\"elementor-element elementor-element-fccf85a e-flex e-con-boxed e-con e-parent\" data-id=\"fccf85a\" data-element_type=\"container\" data-e-type=\"container\">\n\t\t\t\t\t<div class=\"e-con-inner\">\n\t\t\t\t<div class=\"elementor-element elementor-element-8a42ddd elementor-shape-rounded elementor-grid-0 e-grid-align-center elementor-widget elementor-widget-social-icons\" data-id=\"8a42ddd\" data-element_type=\"widget\" data-e-type=\"widget\" data-widget_type=\"social-icons.default\">\n\t\t\t\t<div class=\"elementor-widget-container\">\n\t\t\t\t\t\t\t<div class=\"elementor-social-icons-wrapper elementor-grid\" role=\"list\">\n\t\t\t\t\t\t\t<span class=\"elementor-grid-item\" role=\"listitem\">\n\t\t\t\t\t<a class=\"elementor-icon elementor-social-icon elementor-social-icon-facebook elementor-repeater-item-fad4a8e\" href=\"https:\/\/www.facebook.com\/profile.php?id=100090757290477\" target=\"_blank\">\n\t\t\t\t\t\t<span class=\"elementor-screen-only\">Facebook<\/span>\n\t\t\t\t\t\t<svg aria-hidden=\"true\" class=\"e-font-icon-svg e-fab-facebook\" viewBox=\"0 0 512 512\" xmlns=\"http:\/\/www.w3.org\/2000\/svg\"><path d=\"M504 256C504 119 393 8 256 8S8 119 8 256c0 123.78 90.69 226.38 209.25 245V327.69h-63V256h63v-54.64c0-62.15 37-96.48 93.67-96.48 27.14 0 55.52 4.84 55.52 4.84v61h-31.28c-30.8 0-40.41 19.12-40.41 38.73V256h68.78l-11 71.69h-57.78V501C413.31 482.38 504 379.78 504 256z\"><\/path><\/svg>\t\t\t\t\t<\/a>\n\t\t\t\t<\/span>\n\t\t\t\t\t\t\t<span class=\"elementor-grid-item\" role=\"listitem\">\n\t\t\t\t\t<a class=\"elementor-icon elementor-social-icon elementor-social-icon-instagram elementor-repeater-item-35d1f0a\" href=\"https:\/\/www.instagram.com\/kaislikonkukkia\/\" target=\"_blank\">\n\t\t\t\t\t\t<span class=\"elementor-screen-only\">Instagram<\/span>\n\t\t\t\t\t\t<svg aria-hidden=\"true\" class=\"e-font-icon-svg e-fab-instagram\" viewBox=\"0 0 448 512\" xmlns=\"http:\/\/www.w3.org\/2000\/svg\"><path d=\"M224.1 141c-63.6 0-114.9 51.3-114.9 114.9s51.3 114.9 114.9 114.9S339 319.5 339 255.9 287.7 141 224.1 141zm0 189.6c-41.1 0-74.7-33.5-74.7-74.7s33.5-74.7 74.7-74.7 74.7 33.5 74.7 74.7-33.6 74.7-74.7 74.7zm146.4-194.3c0 14.9-12 26.8-26.8 26.8-14.9 0-26.8-12-26.8-26.8s12-26.8 26.8-26.8 26.8 12 26.8 26.8zm76.1 27.2c-1.7-35.9-9.9-67.7-36.2-93.9-26.2-26.2-58-34.4-93.9-36.2-37-2.1-147.9-2.1-184.9 0-35.8 1.7-67.6 9.9-93.9 36.1s-34.4 58-36.2 93.9c-2.1 37-2.1 147.9 0 184.9 1.7 35.9 9.9 67.7 36.2 93.9s58 34.4 93.9 36.2c37 2.1 147.9 2.1 184.9 0 35.9-1.7 67.7-9.9 93.9-36.2 26.2-26.2 34.4-58 36.2-93.9 2.1-37 2.1-147.8 0-184.8zM398.8 388c-7.8 19.6-22.9 34.7-42.6 42.6-29.5 11.7-99.5 9-132.1 9s-102.7 2.6-132.1-9c-19.6-7.8-34.7-22.9-42.6-42.6-11.7-29.5-9-99.5-9-132.1s-2.6-102.7 9-132.1c7.8-19.6 22.9-34.7 42.6-42.6 29.5-11.7 99.5-9 132.1-9s102.7-2.6 132.1 9c19.6 7.8 34.7 22.9 42.6 42.6 11.7 29.5 9 99.5 9 132.1s2.7 102.7-9 132.1z\"><\/path><\/svg>\t\t\t\t\t<\/a>\n\t\t\t\t<\/span>\n\t\t\t\t\t<\/div>\n\t\t\t\t\t\t<\/div>\n\t\t\t\t<\/div>\n\t\t\t\t\t<\/div>\n\t\t\t\t<\/div>\n\t\t\t\t<\/div>\n\t\t","protected":false},"excerpt":{"rendered":"<p>Kukkaty\u00f6pajat Ihana ilta yst\u00e4vien kesken kauniiden kukkien keskell\u00e4. Kukkaty\u00f6paja tarjoaa luovaa k\u00e4sill\u00e4tekimisen iloa ja vapautta vaikka yrityksen ty\u00f6hyvinvointip\u00e4iv\u00e4\u00e4n, polttareihin, yst\u00e4vien juhliin tai babyshowereihin. J\u00e4rjest\u00e4n kukkaty\u00f6pajoja uudenmaan alueella tilauksesta. Kurssilla voidaan tehd\u00e4 mm. kimppujen sidontaa, seppeleit\u00e4, asetelmia tai kransseja. Materiaalit ja sis\u00e4lt\u00f6 muotoutuu sesongin ja toiveiden mukaan, aiempaa osaamista ei tarvita. Ty\u00f6pajan hinta m\u00e4\u00e4r\u00e4ytyy osallistujam\u00e4\u00e4r\u00e4n sek\u00e4 [&hellip;]<\/p>\n","protected":false},"author":1,"featured_media":0,"parent":0,"menu_order":0,"comment_status":"closed","ping_status":"closed","template":"","meta":{"footnotes":""},"class_list":["post-283","page","type-page","status-publish","hentry","entry"],"_links":{"self":[{"href":"https:\/\/www.kaislikonkukkia.fi\/index.php\/wp-json\/wp\/v2\/pages\/283","targetHints":{"allow":["GET"]}}],"collection":[{"href":"https:\/\/www.kaislikonkukkia.fi\/index.php\/wp-json\/wp\/v2\/pages"}],"about":[{"href":"https:\/\/www.kaislikonkukkia.fi\/index.php\/wp-json\/wp\/v2\/types\/page"}],"author":[{"embeddable":true,"href":"https:\/\/www.kaislikonkukkia.fi\/index.php\/wp-json\/wp\/v2\/users\/1"}],"replies":[{"embeddable":true,"href":"https:\/\/www.kaislikonkukkia.fi\/index.php\/wp-json\/wp\/v2\/comments?post=283"}],"version-history":[{"count":76,"href":"https:\/\/www.kaislikonkukkia.fi\/index.php\/wp-json\/wp\/v2\/pages\/283\/revisions"}],"predecessor-version":[{"id":1195,"href":"https:\/\/www.kaislikonkukkia.fi\/index.php\/wp-json\/wp\/v2\/pages\/283\/revisions\/1195"}],"wp:attachment":[{"href":"https:\/\/www.kaislikonkukkia.fi\/index.php\/wp-json\/wp\/v2\/media?parent=283"}],"curies":[{"name":"wp","href":"https:\/\/api.w.org\/{rel}","templated":true}]}}