{"id":169,"date":"2023-11-14T16:13:16","date_gmt":"2023-11-14T16:13:16","guid":{"rendered":"https:\/\/www.kaislikonkukkia.fi\/?page_id=169"},"modified":"2024-10-10T18:14:58","modified_gmt":"2024-10-10T18:14:58","slug":"jenni","status":"publish","type":"page","link":"https:\/\/www.kaislikonkukkia.fi\/index.php\/jenni\/","title":{"rendered":"Jenni"},"content":{"rendered":"\t\t<div data-elementor-type=\"wp-page\" data-elementor-id=\"169\" class=\"elementor elementor-169\">\n\t\t\t\t<div class=\"elementor-element elementor-element-dd235a3 e-flex e-con-boxed e-con e-parent\" data-id=\"dd235a3\" data-element_type=\"container\" data-e-type=\"container\">\n\t\t\t\t\t<div class=\"e-con-inner\">\n\t\t\t\t<div class=\"elementor-element elementor-element-4f428e8 elementor-widget elementor-widget-heading\" data-id=\"4f428e8\" data-element_type=\"widget\" data-e-type=\"widget\" data-widget_type=\"heading.default\">\n\t\t\t\t<div class=\"elementor-widget-container\">\n\t\t\t\t\t<h2 class=\"elementor-heading-title elementor-size-large\">Jenni<\/h2>\t\t\t\t<\/div>\n\t\t\t\t<\/div>\n\t\t\t\t\t<\/div>\n\t\t\t\t<\/div>\n\t\t<div class=\"elementor-element elementor-element-5297ed5 e-flex e-con-boxed e-con e-parent\" data-id=\"5297ed5\" data-element_type=\"container\" data-e-type=\"container\">\n\t\t\t\t\t<div class=\"e-con-inner\">\n\t\t<div class=\"elementor-element elementor-element-05f2053 e-con-full e-flex e-con e-child\" data-id=\"05f2053\" data-element_type=\"container\" data-e-type=\"container\">\n\t\t\t\t<div class=\"elementor-element elementor-element-7483d36 elementor-widget elementor-widget-image\" data-id=\"7483d36\" data-element_type=\"widget\" data-e-type=\"widget\" data-widget_type=\"image.default\">\n\t\t\t\t<div class=\"elementor-widget-container\">\n\t\t\t\t\t\t\t\t\t\t\t\t\t\t\t<img fetchpriority=\"high\" decoding=\"async\" width=\"683\" height=\"1024\" src=\"https:\/\/www.kaislikonkukkia.fi\/wp-content\/uploads\/2024\/10\/valokuvaajamarissatammisalo_somekokoiset-78-683x1024.jpg\" class=\"attachment-large size-large wp-image-1160\" alt=\"Jenni ladon edess\u00e4\" srcset=\"https:\/\/www.kaislikonkukkia.fi\/wp-content\/uploads\/2024\/10\/valokuvaajamarissatammisalo_somekokoiset-78-683x1024.jpg 683w, https:\/\/www.kaislikonkukkia.fi\/wp-content\/uploads\/2024\/10\/valokuvaajamarissatammisalo_somekokoiset-78-200x300.jpg 200w, https:\/\/www.kaislikonkukkia.fi\/wp-content\/uploads\/2024\/10\/valokuvaajamarissatammisalo_somekokoiset-78-768x1152.jpg 768w, https:\/\/www.kaislikonkukkia.fi\/wp-content\/uploads\/2024\/10\/valokuvaajamarissatammisalo_somekokoiset-78-1024x1536.jpg 1024w, https:\/\/www.kaislikonkukkia.fi\/wp-content\/uploads\/2024\/10\/valokuvaajamarissatammisalo_somekokoiset-78.jpg 1365w\" sizes=\"(max-width: 683px) 100vw, 683px\" \/>\t\t\t\t\t\t\t\t\t\t\t\t\t\t\t<\/div>\n\t\t\t\t<\/div>\n\t\t\t\t<\/div>\n\t\t<div class=\"elementor-element elementor-element-209d22e e-con-full e-flex e-con e-child\" data-id=\"209d22e\" data-element_type=\"container\" data-e-type=\"container\">\n\t\t\t\t<div class=\"elementor-element elementor-element-2d27f9e elementor-widget elementor-widget-text-editor\" data-id=\"2d27f9e\" data-element_type=\"widget\" data-e-type=\"widget\" data-widget_type=\"text-editor.default\">\n\t\t\t\t<div class=\"elementor-widget-container\">\n\t\t\t\t\t\t\t\t\t<p>Kaislikonkukkia on Helsingin Vanhassakaupungissa toimiva pieni kukkastudio joka syntyi floristi Jenni Amberg-Kairamon rakkaudesta l\u00e4hell\u00e4 tuotettuihin kukkiin ja k\u00e4sinkirjoitettuun moderniin kalligrafia kirjoitukseen.<\/p><p>Koronavuosien aikana syntyi mahdollisuus opiskella floristiksi ja samalla kiinnostuin kasvattamaan kukkia omalla pienell\u00e4 kukkatarhalla.<\/p><p>Tyylini on puutarhamaisen moderni ja luonnollinen, toisinaan leikkis\u00e4 ja hassutteleva. T\u00e4rke\u00e4\u00e4 on tarkkaan valitut materiaalit ja\u00a0 s\u00e4vyt jotta syntyy yhten\u00e4inen harmoninen kokonaisuus. Inspiroidun vuodenaikojen vaihtelusta, pastellin s\u00e4vyist\u00e4, kukkien muotokielest\u00e4 ja luonnon materiaaleista.<\/p><p>K\u00e4yt\u00e4n t\u00f6iss\u00e4ni mahdollisuuksien mukaan ja mahdollisimman paljon kotimaassa tuotettuja l\u00e4hikukkia sesonkien mukaan.<\/p><p>Kaislikonkukkia sai nimens\u00e4 kotirantani paksusta kaislikosta, jonka auringonpolttamat ruskeat s\u00e4vyt muuttuvat vuoden aikojen mukaan. Toisaalta taas rakastan v\u00e4rej\u00e4. Erityisesti pastellins\u00e4vyt l\u00f6ytyv\u00e4t lempikimpuistani.<\/p><p>Moderni kalligrafia tuli el\u00e4m\u00e4\u00e4ni my\u00f6s samoihin aikoihin ja osallistuin\u00a0 Kalligrafiastudion Masterclass \u2013 kurssille. Modernissa kalligrafiassa kiinnostaa vapaus luoda ja tuottaa erilaisia tunnelmia kirjoittamalla.<\/p><p>T\u00e4ll\u00e4 hetkell\u00e4 toimin freelance floristina tehden t\u00f6it\u00e4 eri kukkakaupoissa ja teen tilaust\u00f6it\u00e4 ty\u00f6huoneellani, pid\u00e4n my\u00f6s kukkakursseja ja kasvatan kukkia.<\/p>\t\t\t\t\t\t\t\t<\/div>\n\t\t\t\t<\/div>\n\t\t\t\t<\/div>\n\t\t\t\t\t<\/div>\n\t\t\t\t<\/div>\n\t\t<div class=\"elementor-element elementor-element-4ccc90a e-flex e-con-boxed e-con e-parent\" data-id=\"4ccc90a\" data-element_type=\"container\" data-e-type=\"container\">\n\t\t\t\t\t<div class=\"e-con-inner\">\n\t\t\t\t<div class=\"elementor-element elementor-element-0f2ab5d elementor-shape-rounded elementor-grid-0 e-grid-align-center elementor-widget elementor-widget-social-icons\" data-id=\"0f2ab5d\" data-element_type=\"widget\" data-e-type=\"widget\" data-widget_type=\"social-icons.default\">\n\t\t\t\t<div class=\"elementor-widget-container\">\n\t\t\t\t\t\t\t<div class=\"elementor-social-icons-wrapper elementor-grid\" role=\"list\">\n\t\t\t\t\t\t\t<span class=\"elementor-grid-item\" role=\"listitem\">\n\t\t\t\t\t<a class=\"elementor-icon elementor-social-icon elementor-social-icon-facebook elementor-repeater-item-fad4a8e\" href=\"https:\/\/www.facebook.com\/profile.php?id=100090757290477\" target=\"_blank\">\n\t\t\t\t\t\t<span class=\"elementor-screen-only\">Facebook<\/span>\n\t\t\t\t\t\t<svg aria-hidden=\"true\" class=\"e-font-icon-svg e-fab-facebook\" viewBox=\"0 0 512 512\" xmlns=\"http:\/\/www.w3.org\/2000\/svg\"><path d=\"M504 256C504 119 393 8 256 8S8 119 8 256c0 123.78 90.69 226.38 209.25 245V327.69h-63V256h63v-54.64c0-62.15 37-96.48 93.67-96.48 27.14 0 55.52 4.84 55.52 4.84v61h-31.28c-30.8 0-40.41 19.12-40.41 38.73V256h68.78l-11 71.69h-57.78V501C413.31 482.38 504 379.78 504 256z\"><\/path><\/svg>\t\t\t\t\t<\/a>\n\t\t\t\t<\/span>\n\t\t\t\t\t\t\t<span class=\"elementor-grid-item\" role=\"listitem\">\n\t\t\t\t\t<a class=\"elementor-icon elementor-social-icon elementor-social-icon-instagram elementor-repeater-item-35d1f0a\" href=\"https:\/\/www.instagram.com\/kaislikonkukkia\/\" target=\"_blank\">\n\t\t\t\t\t\t<span class=\"elementor-screen-only\">Instagram<\/span>\n\t\t\t\t\t\t<svg aria-hidden=\"true\" class=\"e-font-icon-svg e-fab-instagram\" viewBox=\"0 0 448 512\" xmlns=\"http:\/\/www.w3.org\/2000\/svg\"><path d=\"M224.1 141c-63.6 0-114.9 51.3-114.9 114.9s51.3 114.9 114.9 114.9S339 319.5 339 255.9 287.7 141 224.1 141zm0 189.6c-41.1 0-74.7-33.5-74.7-74.7s33.5-74.7 74.7-74.7 74.7 33.5 74.7 74.7-33.6 74.7-74.7 74.7zm146.4-194.3c0 14.9-12 26.8-26.8 26.8-14.9 0-26.8-12-26.8-26.8s12-26.8 26.8-26.8 26.8 12 26.8 26.8zm76.1 27.2c-1.7-35.9-9.9-67.7-36.2-93.9-26.2-26.2-58-34.4-93.9-36.2-37-2.1-147.9-2.1-184.9 0-35.8 1.7-67.6 9.9-93.9 36.1s-34.4 58-36.2 93.9c-2.1 37-2.1 147.9 0 184.9 1.7 35.9 9.9 67.7 36.2 93.9s58 34.4 93.9 36.2c37 2.1 147.9 2.1 184.9 0 35.9-1.7 67.7-9.9 93.9-36.2 26.2-26.2 34.4-58 36.2-93.9 2.1-37 2.1-147.8 0-184.8zM398.8 388c-7.8 19.6-22.9 34.7-42.6 42.6-29.5 11.7-99.5 9-132.1 9s-102.7 2.6-132.1-9c-19.6-7.8-34.7-22.9-42.6-42.6-11.7-29.5-9-99.5-9-132.1s-2.6-102.7 9-132.1c7.8-19.6 22.9-34.7 42.6-42.6 29.5-11.7 99.5-9 132.1-9s102.7-2.6 132.1 9c19.6 7.8 34.7 22.9 42.6 42.6 11.7 29.5 9 99.5 9 132.1s2.7 102.7-9 132.1z\"><\/path><\/svg>\t\t\t\t\t<\/a>\n\t\t\t\t<\/span>\n\t\t\t\t\t<\/div>\n\t\t\t\t\t\t<\/div>\n\t\t\t\t<\/div>\n\t\t\t\t\t<\/div>\n\t\t\t\t<\/div>\n\t\t\t\t<\/div>\n\t\t","protected":false},"excerpt":{"rendered":"<p>Jenni Kaislikonkukkia on Helsingin Vanhassakaupungissa toimiva pieni kukkastudio joka syntyi floristi Jenni Amberg-Kairamon rakkaudesta l\u00e4hell\u00e4 tuotettuihin kukkiin ja k\u00e4sinkirjoitettuun moderniin kalligrafia kirjoitukseen. Koronavuosien aikana syntyi mahdollisuus opiskella floristiksi ja samalla kiinnostuin kasvattamaan kukkia omalla pienell\u00e4 kukkatarhalla. Tyylini on puutarhamaisen moderni ja luonnollinen, toisinaan leikkis\u00e4 ja hassutteleva. T\u00e4rke\u00e4\u00e4 on tarkkaan valitut materiaalit ja\u00a0 s\u00e4vyt jotta syntyy [&hellip;]<\/p>\n","protected":false},"author":1,"featured_media":0,"parent":0,"menu_order":0,"comment_status":"closed","ping_status":"closed","template":"","meta":{"footnotes":""},"class_list":["post-169","page","type-page","status-publish","hentry","entry"],"_links":{"self":[{"href":"https:\/\/www.kaislikonkukkia.fi\/index.php\/wp-json\/wp\/v2\/pages\/169","targetHints":{"allow":["GET"]}}],"collection":[{"href":"https:\/\/www.kaislikonkukkia.fi\/index.php\/wp-json\/wp\/v2\/pages"}],"about":[{"href":"https:\/\/www.kaislikonkukkia.fi\/index.php\/wp-json\/wp\/v2\/types\/page"}],"author":[{"embeddable":true,"href":"https:\/\/www.kaislikonkukkia.fi\/index.php\/wp-json\/wp\/v2\/users\/1"}],"replies":[{"embeddable":true,"href":"https:\/\/www.kaislikonkukkia.fi\/index.php\/wp-json\/wp\/v2\/comments?post=169"}],"version-history":[{"count":72,"href":"https:\/\/www.kaislikonkukkia.fi\/index.php\/wp-json\/wp\/v2\/pages\/169\/revisions"}],"predecessor-version":[{"id":1172,"href":"https:\/\/www.kaislikonkukkia.fi\/index.php\/wp-json\/wp\/v2\/pages\/169\/revisions\/1172"}],"wp:attachment":[{"href":"https:\/\/www.kaislikonkukkia.fi\/index.php\/wp-json\/wp\/v2\/media?parent=169"}],"curies":[{"name":"wp","href":"https:\/\/api.w.org\/{rel}","templated":true}]}}